{"id":32,"date":"2023-10-02T21:13:28","date_gmt":"2023-10-02T19:13:28","guid":{"rendered":"http:\/\/ambermet.pl\/?page_id=32"},"modified":"2023-11-06T22:51:07","modified_gmt":"2023-11-06T21:51:07","slug":"oferta","status":"publish","type":"page","link":"http:\/\/ambermet.pl\/?page_id=32","title":{"rendered":"Oferta"},"content":{"rendered":"\t\t<div data-elementor-type=\"wp-page\" data-elementor-id=\"32\" class=\"elementor elementor-32\">\n\t\t\t\t\t\t\t<div class=\"elementor-element elementor-element-eb2afc8 e-con-full e-flex e-con e-parent\" data-id=\"eb2afc8\" data-element_type=\"container\" data-settings=\"{&quot;content_width&quot;:&quot;full&quot;}\" data-core-v316-plus=\"true\">\n\t\t<div class=\"elementor-element elementor-element-137418b e-con-full e-flex e-con e-child\" data-id=\"137418b\" data-element_type=\"container\" data-settings=\"{&quot;content_width&quot;:&quot;full&quot;}\">\n\t\t\t\t<\/div>\n\t\t<div class=\"elementor-element elementor-element-552bdb4 e-con-full e-flex e-con e-child\" data-id=\"552bdb4\" data-element_type=\"container\" data-settings=\"{&quot;content_width&quot;:&quot;full&quot;,&quot;background_background&quot;:&quot;classic&quot;}\">\n\t\t\t\t<div class=\"elementor-element elementor-element-aade9ac elementor-widget elementor-widget-heading\" data-id=\"aade9ac\" data-element_type=\"widget\" data-widget_type=\"heading.default\">\n\t\t\t\t<div class=\"elementor-widget-container\">\n\t\t\t<style>\/*! elementor - v3.17.0 - 01-11-2023 *\/\n.elementor-heading-title{padding:0;margin:0;line-height:1}.elementor-widget-heading .elementor-heading-title[class*=elementor-size-]>a{color:inherit;font-size:inherit;line-height:inherit}.elementor-widget-heading .elementor-heading-title.elementor-size-small{font-size:15px}.elementor-widget-heading .elementor-heading-title.elementor-size-medium{font-size:19px}.elementor-widget-heading .elementor-heading-title.elementor-size-large{font-size:29px}.elementor-widget-heading .elementor-heading-title.elementor-size-xl{font-size:39px}.elementor-widget-heading .elementor-heading-title.elementor-size-xxl{font-size:59px}<\/style><h2 class=\"elementor-heading-title elementor-size-default\">OFERTA<\/h2>\t\t<\/div>\n\t\t\t\t<\/div>\n\t\t\t\t<\/div>\n\t\t<div class=\"elementor-element elementor-element-9d697c2 e-con-full e-flex e-con e-child\" data-id=\"9d697c2\" data-element_type=\"container\" data-settings=\"{&quot;content_width&quot;:&quot;full&quot;}\">\n\t\t\t\t<\/div>\n\t\t<div class=\"elementor-element elementor-element-de9aec1 e-con-full e-flex e-con e-child\" data-id=\"de9aec1\" data-element_type=\"container\" data-settings=\"{&quot;content_width&quot;:&quot;full&quot;}\">\n\t\t\t\t<div class=\"elementor-element elementor-element-73a86d7 elementor-widget elementor-widget-image\" data-id=\"73a86d7\" data-element_type=\"widget\" data-widget_type=\"image.default\">\n\t\t\t\t<div class=\"elementor-widget-container\">\n\t\t\t<style>\/*! elementor - v3.17.0 - 01-11-2023 *\/\n.elementor-widget-image{text-align:center}.elementor-widget-image a{display:inline-block}.elementor-widget-image a img[src$=\".svg\"]{width:48px}.elementor-widget-image img{vertical-align:middle;display:inline-block}<\/style>\t\t\t\t\t\t\t\t\t\t\t\t<img loading=\"lazy\" decoding=\"async\" width=\"254\" height=\"300\" src=\"http:\/\/ambermet.pl\/wp-content\/uploads\/2023\/11\/PWT-411-254x300.jpg\" class=\"attachment-medium size-medium wp-image-323\" alt=\"\" srcset=\"http:\/\/ambermet.pl\/wp-content\/uploads\/2023\/11\/PWT-411-254x300.jpg 254w, http:\/\/ambermet.pl\/wp-content\/uploads\/2023\/11\/PWT-411-768x906.jpg 768w, http:\/\/ambermet.pl\/wp-content\/uploads\/2023\/11\/PWT-411.jpg 848w\" sizes=\"auto, (max-width: 254px) 100vw, 254px\" \/>\t\t\t\t\t\t\t\t\t\t\t\t\t\t\t<\/div>\n\t\t\t\t<\/div>\n\t\t\t\t<div class=\"elementor-element elementor-element-d15f0dd elementor-widget elementor-widget-image\" data-id=\"d15f0dd\" data-element_type=\"widget\" data-widget_type=\"image.default\">\n\t\t\t\t<div class=\"elementor-widget-container\">\n\t\t\t\t\t\t\t\t\t\t\t\t\t\t\t<img loading=\"lazy\" decoding=\"async\" width=\"300\" height=\"300\" src=\"http:\/\/ambermet.pl\/wp-content\/uploads\/2023\/11\/100-TP-300x300.jpg\" class=\"attachment-medium size-medium wp-image-318\" alt=\"\" srcset=\"http:\/\/ambermet.pl\/wp-content\/uploads\/2023\/11\/100-TP-300x300.jpg 300w, http:\/\/ambermet.pl\/wp-content\/uploads\/2023\/11\/100-TP-150x150.jpg 150w, http:\/\/ambermet.pl\/wp-content\/uploads\/2023\/11\/100-TP.jpg 500w\" sizes=\"auto, (max-width: 300px) 100vw, 300px\" \/>\t\t\t\t\t\t\t\t\t\t\t\t\t\t\t<\/div>\n\t\t\t\t<\/div>\n\t\t\t\t<\/div>\n\t\t<div class=\"elementor-element elementor-element-fc67d80 e-con-full e-flex e-con e-child\" data-id=\"fc67d80\" data-element_type=\"container\" data-settings=\"{&quot;content_width&quot;:&quot;full&quot;,&quot;background_background&quot;:&quot;classic&quot;}\">\n\t\t\t\t<div class=\"elementor-element elementor-element-627f06d elementor-widget__width-initial elementor-widget elementor-widget-text-editor\" data-id=\"627f06d\" data-element_type=\"widget\" data-widget_type=\"text-editor.default\">\n\t\t\t\t<div class=\"elementor-widget-container\">\n\t\t\t<style>\/*! elementor - v3.17.0 - 01-11-2023 *\/\n.elementor-widget-text-editor.elementor-drop-cap-view-stacked .elementor-drop-cap{background-color:#69727d;color:#fff}.elementor-widget-text-editor.elementor-drop-cap-view-framed .elementor-drop-cap{color:#69727d;border:3px solid;background-color:transparent}.elementor-widget-text-editor:not(.elementor-drop-cap-view-default) .elementor-drop-cap{margin-top:8px}.elementor-widget-text-editor:not(.elementor-drop-cap-view-default) .elementor-drop-cap-letter{width:1em;height:1em}.elementor-widget-text-editor .elementor-drop-cap{float:left;text-align:center;line-height:1;font-size:50px}.elementor-widget-text-editor .elementor-drop-cap-letter{display:inline-block}<\/style>\t\t\t\t<p style=\"text-align: center;\"><span style=\"color: #ffff00;\"><strong>Us\u0142ugi wzorcowania laboratorium Amber obejmuj\u0105 wzorcowanie:<\/strong><\/span><\/p><ul><li>Miernik\u00f3w parametr\u00f3w sieci<\/li><li>Tester\u00f3w zabezpiecze\u0144 RCD<\/li><li>Tester\u00f3w ci\u0105g\u0142o\u015bci przewodu ochronnego<\/li><li>Miernik\u00f3w impedancji p\u0119tli zwarcia<\/li><li>Miernik\u00f3w rezystancji izolacji<\/li><li>Multimetr\u00f3w<\/li><li>Multimetr\u00f3w c\u0119gowych<\/li><li>Luksomierzy<\/li><li>Sonometr\u00f3w<\/li><li>Tachometr\u00f3w<\/li><li>Miernik\u00f3w \u015brodowiskowych<\/li><li>Anemometr\u00f3w<\/li><li>Wag<\/li><li>Mat \/ sto\u0142\u00f3w \/ pod\u0142\u00f3g ESD<\/li><li>Kluczy i wkr\u0119tak\u00f3w dynamometrycznych<\/li><li>Tester\u00f3w momentu obrotowego<\/li><li>Si\u0142omierzy<\/li><li>Pirometr\u00f3w i kamer termowizyjnych<\/li><li>Termometr\u00f3w (symulacja termopar i sprawdzanie w tzw. suchym bloku)<\/li><li>Mikrometr\u00f3w, suwmiarek, czujnik\u00f3w przesuwu<\/li><li>Manometr\u00f3w<\/li><li>Zasilaczy laboratoryjnych<\/li><li>PH-metr\u00f3w i konduktometr\u00f3w<\/li><li>Twardo\u015bciomierzy Shore&#8217;a<\/li><\/ul>\t\t\t\t\t\t<\/div>\n\t\t\t\t<\/div>\n\t\t\t\t<\/div>\n\t\t<div class=\"elementor-element elementor-element-2e7a4f8 e-con-full e-flex e-con e-child\" data-id=\"2e7a4f8\" data-element_type=\"container\" data-settings=\"{&quot;content_width&quot;:&quot;full&quot;}\">\n\t\t\t\t<div class=\"elementor-element elementor-element-b7aad83 elementor-widget elementor-widget-image\" data-id=\"b7aad83\" data-element_type=\"widget\" data-widget_type=\"image.default\">\n\t\t\t\t<div class=\"elementor-widget-container\">\n\t\t\t\t\t\t\t\t\t\t\t\t\t\t\t<img loading=\"lazy\" decoding=\"async\" width=\"126\" height=\"300\" src=\"http:\/\/ambermet.pl\/wp-content\/uploads\/2023\/11\/SLC-100-126x300.jpg\" class=\"attachment-medium size-medium wp-image-324\" alt=\"\" srcset=\"http:\/\/ambermet.pl\/wp-content\/uploads\/2023\/11\/SLC-100-126x300.jpg 126w, http:\/\/ambermet.pl\/wp-content\/uploads\/2023\/11\/SLC-100.jpg 168w\" sizes=\"auto, (max-width: 126px) 100vw, 126px\" \/>\t\t\t\t\t\t\t\t\t\t\t\t\t\t\t<\/div>\n\t\t\t\t<\/div>\n\t\t\t\t<div class=\"elementor-element elementor-element-b1de718 elementor-widget elementor-widget-image\" data-id=\"b1de718\" data-element_type=\"widget\" data-widget_type=\"image.default\">\n\t\t\t\t<div class=\"elementor-widget-container\">\n\t\t\t\t\t\t\t\t\t\t\t\t\t\t\t<img loading=\"lazy\" decoding=\"async\" width=\"300\" height=\"283\" src=\"http:\/\/ambermet.pl\/wp-content\/uploads\/2023\/10\/5fb83df7-e2ec-497b-802f-ba77a7646496-300x283.jpg\" class=\"attachment-medium size-medium wp-image-59\" alt=\"\" srcset=\"http:\/\/ambermet.pl\/wp-content\/uploads\/2023\/10\/5fb83df7-e2ec-497b-802f-ba77a7646496-300x283.jpg 300w, http:\/\/ambermet.pl\/wp-content\/uploads\/2023\/10\/5fb83df7-e2ec-497b-802f-ba77a7646496-768x725.jpg 768w, http:\/\/ambermet.pl\/wp-content\/uploads\/2023\/10\/5fb83df7-e2ec-497b-802f-ba77a7646496.jpg 847w\" sizes=\"auto, (max-width: 300px) 100vw, 300px\" \/>\t\t\t\t\t\t\t\t\t\t\t\t\t\t\t<\/div>\n\t\t\t\t<\/div>\n\t\t\t\t<\/div>\n\t\t\t\t<\/div>\n\t\t<div class=\"elementor-element elementor-element-5f4e255 e-flex e-con-boxed e-con e-parent\" data-id=\"5f4e255\" data-element_type=\"container\" data-settings=\"{&quot;content_width&quot;:&quot;boxed&quot;}\" data-core-v316-plus=\"true\">\n\t\t\t\t\t<div class=\"e-con-inner\">\n\t\t<div class=\"elementor-element elementor-element-30860eb e-con-full e-flex e-con e-child\" data-id=\"30860eb\" data-element_type=\"container\" data-settings=\"{&quot;content_width&quot;:&quot;full&quot;}\">\n\t\t\t\t<\/div>\n\t\t<div class=\"elementor-element elementor-element-c7589d5 e-con-full e-flex e-con e-child\" data-id=\"c7589d5\" data-element_type=\"container\" data-settings=\"{&quot;content_width&quot;:&quot;full&quot;}\">\n\t\t\t\t<div class=\"elementor-element elementor-element-bade813 elementor-widget elementor-widget-image\" data-id=\"bade813\" data-element_type=\"widget\" data-widget_type=\"image.default\">\n\t\t\t\t<div class=\"elementor-widget-container\">\n\t\t\t\t\t\t\t\t\t\t\t\t\t\t\t<img loading=\"lazy\" decoding=\"async\" width=\"1000\" height=\"520\" src=\"http:\/\/ambermet.pl\/wp-content\/uploads\/2023\/11\/M-143.jpg\" class=\"attachment-large size-large wp-image-321\" alt=\"\" srcset=\"http:\/\/ambermet.pl\/wp-content\/uploads\/2023\/11\/M-143.jpg 1000w, http:\/\/ambermet.pl\/wp-content\/uploads\/2023\/11\/M-143-300x156.jpg 300w, http:\/\/ambermet.pl\/wp-content\/uploads\/2023\/11\/M-143-768x399.jpg 768w\" sizes=\"auto, (max-width: 1000px) 100vw, 1000px\" \/>\t\t\t\t\t\t\t\t\t\t\t\t\t\t\t<\/div>\n\t\t\t\t<\/div>\n\t\t\t\t<\/div>\n\t\t<div class=\"elementor-element elementor-element-7e928f1 e-con-full e-flex e-con e-child\" data-id=\"7e928f1\" data-element_type=\"container\" data-settings=\"{&quot;content_width&quot;:&quot;full&quot;}\">\n\t\t\t\t<\/div>\n\t\t\t\t\t<\/div>\n\t\t\t\t<\/div>\n\t\t\t\t\t\t\t<\/div>\n\t\t","protected":false},"excerpt":{"rendered":"<p>OFERTA Us\u0142ugi wzorcowania laboratorium Amber obejmuj\u0105 wzorcowanie: Miernik\u00f3w parametr\u00f3w sieci Tester\u00f3w zabezpiecze\u0144 RCD Tester\u00f3w ci\u0105g\u0142o\u015bci przewodu ochronnego Miernik\u00f3w impedancji p\u0119tli zwarcia Miernik\u00f3w rezystancji izolacji Multimetr\u00f3w Multimetr\u00f3w c\u0119gowych Luksomierzy Sonometr\u00f3w Tachometr\u00f3w Miernik\u00f3w \u015brodowiskowych Anemometr\u00f3w Wag Mat \/ sto\u0142\u00f3w \/ pod\u0142\u00f3g ESD Kluczy i wkr\u0119tak\u00f3w dynamometrycznych Tester\u00f3w momentu obrotowego Si\u0142omierzy Pirometr\u00f3w i kamer termowizyjnych Termometr\u00f3w (symulacja termopar [&hellip;]<\/p>\n","protected":false},"author":1,"featured_media":0,"parent":0,"menu_order":3,"comment_status":"closed","ping_status":"closed","template":"","meta":{"footnotes":""},"class_list":["post-32","page","type-page","status-publish","hentry"],"_links":{"self":[{"href":"http:\/\/ambermet.pl\/index.php?rest_route=\/wp\/v2\/pages\/32","targetHints":{"allow":["GET"]}}],"collection":[{"href":"http:\/\/ambermet.pl\/index.php?rest_route=\/wp\/v2\/pages"}],"about":[{"href":"http:\/\/ambermet.pl\/index.php?rest_route=\/wp\/v2\/types\/page"}],"author":[{"embeddable":true,"href":"http:\/\/ambermet.pl\/index.php?rest_route=\/wp\/v2\/users\/1"}],"replies":[{"embeddable":true,"href":"http:\/\/ambermet.pl\/index.php?rest_route=%2Fwp%2Fv2%2Fcomments&post=32"}],"version-history":[{"count":50,"href":"http:\/\/ambermet.pl\/index.php?rest_route=\/wp\/v2\/pages\/32\/revisions"}],"predecessor-version":[{"id":350,"href":"http:\/\/ambermet.pl\/index.php?rest_route=\/wp\/v2\/pages\/32\/revisions\/350"}],"wp:attachment":[{"href":"http:\/\/ambermet.pl\/index.php?rest_route=%2Fwp%2Fv2%2Fmedia&parent=32"}],"curies":[{"name":"wp","href":"https:\/\/api.w.org\/{rel}","templated":true}]}}