{"id":26,"date":"2023-10-02T21:10:25","date_gmt":"2023-10-02T19:10:25","guid":{"rendered":"http:\/\/ambermet.pl\/?page_id=26"},"modified":"2023-11-07T00:20:18","modified_gmt":"2023-11-06T23:20:18","slug":"ofirmie","status":"publish","type":"page","link":"http:\/\/ambermet.pl\/?page_id=26","title":{"rendered":"O firmie"},"content":{"rendered":"\t\t<div data-elementor-type=\"wp-page\" data-elementor-id=\"26\" class=\"elementor elementor-26\">\n\t\t\t\t\t\t\t<div class=\"elementor-element elementor-element-4ab8783 e-flex e-con-boxed e-con e-parent\" data-id=\"4ab8783\" data-element_type=\"container\" data-settings=\"{&quot;content_width&quot;:&quot;boxed&quot;}\" data-core-v316-plus=\"true\">\n\t\t\t\t\t<div class=\"e-con-inner\">\n\t\t\t\t<div class=\"elementor-element elementor-element-4e26365 elementor-widget elementor-widget-heading\" data-id=\"4e26365\" data-element_type=\"widget\" data-widget_type=\"heading.default\">\n\t\t\t\t<div class=\"elementor-widget-container\">\n\t\t\t<style>\/*! elementor - v3.17.0 - 01-11-2023 *\/\n.elementor-heading-title{padding:0;margin:0;line-height:1}.elementor-widget-heading .elementor-heading-title[class*=elementor-size-]>a{color:inherit;font-size:inherit;line-height:inherit}.elementor-widget-heading .elementor-heading-title.elementor-size-small{font-size:15px}.elementor-widget-heading .elementor-heading-title.elementor-size-medium{font-size:19px}.elementor-widget-heading .elementor-heading-title.elementor-size-large{font-size:29px}.elementor-widget-heading .elementor-heading-title.elementor-size-xl{font-size:39px}.elementor-widget-heading .elementor-heading-title.elementor-size-xxl{font-size:59px}<\/style><h2 class=\"elementor-heading-title elementor-size-default\">O   FIRMIE<\/h2>\t\t<\/div>\n\t\t\t\t<\/div>\n\t\t\t\t\t<\/div>\n\t\t\t\t<\/div>\n\t\t<div class=\"elementor-element elementor-element-3b9b464 e-flex e-con-boxed e-con e-parent\" data-id=\"3b9b464\" data-element_type=\"container\" data-settings=\"{&quot;content_width&quot;:&quot;boxed&quot;}\" data-core-v316-plus=\"true\">\n\t\t\t\t\t<div class=\"e-con-inner\">\n\t\t<div class=\"elementor-element elementor-element-0e0726c e-con-full e-flex e-con e-child\" data-id=\"0e0726c\" data-element_type=\"container\" data-settings=\"{&quot;content_width&quot;:&quot;full&quot;}\">\n\t\t\t\t<div class=\"elementor-element elementor-element-0a75014 elementor-invisible elementor-widget elementor-widget-text-editor\" data-id=\"0a75014\" data-element_type=\"widget\" data-settings=\"{&quot;_animation&quot;:&quot;fadeIn&quot;}\" data-widget_type=\"text-editor.default\">\n\t\t\t\t<div class=\"elementor-widget-container\">\n\t\t\t<style>\/*! elementor - v3.17.0 - 01-11-2023 *\/\n.elementor-widget-text-editor.elementor-drop-cap-view-stacked .elementor-drop-cap{background-color:#69727d;color:#fff}.elementor-widget-text-editor.elementor-drop-cap-view-framed .elementor-drop-cap{color:#69727d;border:3px solid;background-color:transparent}.elementor-widget-text-editor:not(.elementor-drop-cap-view-default) .elementor-drop-cap{margin-top:8px}.elementor-widget-text-editor:not(.elementor-drop-cap-view-default) .elementor-drop-cap-letter{width:1em;height:1em}.elementor-widget-text-editor .elementor-drop-cap{float:left;text-align:center;line-height:1;font-size:50px}.elementor-widget-text-editor .elementor-drop-cap-letter{display:inline-block}<\/style>\t\t\t\t<p><strong>AMBER METROLOGIA Sp. z o.o.<\/strong> to laboratorium metrologiczne wzorcuj\u0105ce aparatur\u0119 pomiarow\u0105 a tak\u017ce wykonuj\u0105ce pomiary nat\u0119\u017cenia o\u015bwietlenia pomieszcze\u0144. Laboratorium spe\u0142nia wymagania Normy ISO 17025-2017 wzgl\u0119dem wzorcowania aparatury pomiarowej. Ponadto Laboratorium posiada wdro\u017cony System Zarz\u0105dzania zgodny z ISO 9001:2015 potwierdzony certyfikatem <span style=\"text-decoration: underline; color: #000080;\"><a style=\"color: #000080; text-decoration: underline;\" href=\"http:\/\/ambermet.pl\/wp-content\/uploads\/2023\/11\/AMBER-METROLOGIA-sp.-z-o.o.-Certificate-nr-4800397-pl.pdf\" target=\"_blank\" rel=\"noopener\">nr 4800397<\/a><\/span> wydanym przez akredytowany Instytut Certyfikacyjny LL-C (Certification) Polska.\u00a0<\/p><p>Pomiary nat\u0119\u017cenia o\u015bwietlenia odbywaj\u0105 si\u0119 zgodnie z wymaganiami Polskiej Normy PN-EN 12464-1.<\/p><p>Wszystkie wzorcowania wykonane s\u0105 wzgl\u0119dem sta\u0142ych fizyczno-chemicznych lub wielko\u015bci warto\u015bci mierzonych do etalon\u00f3w G\u0142\u00f3wnego Urz\u0105du Miar i\/lub akredytowanych laboratoriach wzorcuj\u0105cych. System jako\u015bci laboratorium AMBER spe\u0142nia warunki i wymagania ISO 17025-2017.<\/p><p>Niepewno\u015b\u0107 pomiaru zosta\u0142a okre\u015blona zgodnie z dokumentem EA-4\/02 M:2013. Podane warto\u015bci niepewno\u015bci stanowi\u0105 niepewno\u015bci rozszerzone przy prawdopodobie\u0144stwie rozszerzenia ok. 95% i wsp\u00f3\u0142czynniku rozszerzenia k=2.<\/p>\t\t\t\t\t\t<\/div>\n\t\t\t\t<\/div>\n\t\t\t\t<\/div>\n\t\t<div class=\"elementor-element elementor-element-417570e e-con-full e-flex e-con e-child\" data-id=\"417570e\" data-element_type=\"container\" data-settings=\"{&quot;content_width&quot;:&quot;full&quot;}\">\n\t\t\t\t<div class=\"elementor-element elementor-element-d1558bc elementor-widget elementor-widget-image\" data-id=\"d1558bc\" data-element_type=\"widget\" data-widget_type=\"image.default\">\n\t\t\t\t<div class=\"elementor-widget-container\">\n\t\t\t<style>\/*! elementor - v3.17.0 - 01-11-2023 *\/\n.elementor-widget-image{text-align:center}.elementor-widget-image a{display:inline-block}.elementor-widget-image a img[src$=\".svg\"]{width:48px}.elementor-widget-image img{vertical-align:middle;display:inline-block}<\/style>\t\t\t\t\t\t\t\t\t\t\t\t<img loading=\"lazy\" decoding=\"async\" width=\"1000\" height=\"1000\" src=\"http:\/\/ambermet.pl\/wp-content\/uploads\/2023\/10\/3e2002e8-7f70-4452-9d08-4a90dc0e6693.jpg\" class=\"attachment-large size-large wp-image-146\" alt=\"\" srcset=\"http:\/\/ambermet.pl\/wp-content\/uploads\/2023\/10\/3e2002e8-7f70-4452-9d08-4a90dc0e6693.jpg 1000w, http:\/\/ambermet.pl\/wp-content\/uploads\/2023\/10\/3e2002e8-7f70-4452-9d08-4a90dc0e6693-300x300.jpg 300w, http:\/\/ambermet.pl\/wp-content\/uploads\/2023\/10\/3e2002e8-7f70-4452-9d08-4a90dc0e6693-150x150.jpg 150w, http:\/\/ambermet.pl\/wp-content\/uploads\/2023\/10\/3e2002e8-7f70-4452-9d08-4a90dc0e6693-768x768.jpg 768w\" sizes=\"auto, (max-width: 1000px) 100vw, 1000px\" \/>\t\t\t\t\t\t\t\t\t\t\t\t\t\t\t<\/div>\n\t\t\t\t<\/div>\n\t\t\t\t<\/div>\n\t\t\t\t\t<\/div>\n\t\t\t\t<\/div>\n\t\t<div class=\"elementor-element elementor-element-266ebd7d e-flex e-con-boxed e-con e-parent\" data-id=\"266ebd7d\" data-element_type=\"container\" data-settings=\"{&quot;background_background&quot;:&quot;classic&quot;,&quot;content_width&quot;:&quot;boxed&quot;}\" data-core-v316-plus=\"true\">\n\t\t\t\t\t<div class=\"e-con-inner\">\n\t\t\t\t<div class=\"elementor-element elementor-element-38d2ac33 elementor-widget elementor-widget-heading\" data-id=\"38d2ac33\" data-element_type=\"widget\" data-widget_type=\"heading.default\">\n\t\t\t\t<div class=\"elementor-widget-container\">\n\t\t\t<h2 class=\"elementor-heading-title elementor-size-default\">WZORCE KALIBRACYJNE Z KT\u00d3RYCH KORZYSTAMY<\/h2>\t\t<\/div>\n\t\t\t\t<\/div>\n\t\t\t\t\t<\/div>\n\t\t\t\t<\/div>\n\t\t<div class=\"elementor-element elementor-element-c7c4bc4 e-flex e-con-boxed e-con e-parent\" data-id=\"c7c4bc4\" data-element_type=\"container\" data-settings=\"{&quot;content_width&quot;:&quot;boxed&quot;}\" data-core-v316-plus=\"true\">\n\t\t\t\t\t<div class=\"e-con-inner\">\n\t\t<div class=\"elementor-element elementor-element-bfeaf4e e-con-full e-flex e-con e-child\" data-id=\"bfeaf4e\" data-element_type=\"container\" data-settings=\"{&quot;content_width&quot;:&quot;full&quot;}\">\n\t\t\t\t<div class=\"elementor-element elementor-element-5e7e9f0 elementor-widget elementor-widget-image\" data-id=\"5e7e9f0\" data-element_type=\"widget\" data-widget_type=\"image.default\">\n\t\t\t\t<div class=\"elementor-widget-container\">\n\t\t\t\t\t\t\t\t\t\t\t\t\t\t\t<img loading=\"lazy\" decoding=\"async\" width=\"600\" height=\"364\" src=\"http:\/\/ambermet.pl\/wp-content\/uploads\/2023\/11\/IRS-350.jpg\" class=\"attachment-large size-large wp-image-319\" alt=\"\" srcset=\"http:\/\/ambermet.pl\/wp-content\/uploads\/2023\/11\/IRS-350.jpg 600w, http:\/\/ambermet.pl\/wp-content\/uploads\/2023\/11\/IRS-350-300x182.jpg 300w\" sizes=\"auto, (max-width: 600px) 100vw, 600px\" \/>\t\t\t\t\t\t\t\t\t\t\t\t\t\t\t<\/div>\n\t\t\t\t<\/div>\n\t\t\t\t<\/div>\n\t\t<div class=\"elementor-element elementor-element-e755773 e-con-full e-flex e-con e-child\" data-id=\"e755773\" data-element_type=\"container\" data-settings=\"{&quot;content_width&quot;:&quot;full&quot;}\">\n\t\t\t\t<div class=\"elementor-element elementor-element-5a8553d elementor-invisible elementor-widget elementor-widget-text-editor\" data-id=\"5a8553d\" data-element_type=\"widget\" data-settings=\"{&quot;_animation&quot;:&quot;fadeIn&quot;}\" data-widget_type=\"text-editor.default\">\n\t\t\t\t<div class=\"elementor-widget-container\">\n\t\t\t\t\t\t\t<p><b>KALIBRATOR PIROMETR\u00d3W I KAMERTERMOWIZYJNYCH VOLTCRAFT IRS-350<\/b><\/p><p>Pirometry i kamery termowizyjne &#8211; wzorcowane z wykorzystaniem Blackbody Voltcraft IRS-350 dzia\u0142aj\u0105cym w zakresie od 25 do 350 stopni Celsjusza.<\/p>\t\t\t\t\t\t<\/div>\n\t\t\t\t<\/div>\n\t\t\t\t<\/div>\n\t\t\t\t\t<\/div>\n\t\t\t\t<\/div>\n\t\t<div class=\"elementor-element elementor-element-6bfd419 e-flex e-con-boxed e-con e-parent\" data-id=\"6bfd419\" data-element_type=\"container\" data-settings=\"{&quot;content_width&quot;:&quot;boxed&quot;}\" data-core-v316-plus=\"true\">\n\t\t\t\t\t<div class=\"e-con-inner\">\n\t\t<div class=\"elementor-element elementor-element-2b9c615 e-con-full e-flex e-con e-child\" data-id=\"2b9c615\" data-element_type=\"container\" data-settings=\"{&quot;content_width&quot;:&quot;full&quot;}\">\n\t\t\t\t<div class=\"elementor-element elementor-element-6c93613 elementor-widget elementor-widget-image\" data-id=\"6c93613\" data-element_type=\"widget\" data-widget_type=\"image.default\">\n\t\t\t\t<div class=\"elementor-widget-container\">\n\t\t\t\t\t\t\t\t\t\t\t\t\t\t\t<img loading=\"lazy\" decoding=\"async\" width=\"600\" height=\"600\" src=\"http:\/\/ambermet.pl\/wp-content\/uploads\/2023\/11\/L-200.png\" class=\"attachment-large size-large wp-image-320\" alt=\"\" srcset=\"http:\/\/ambermet.pl\/wp-content\/uploads\/2023\/11\/L-200.png 600w, http:\/\/ambermet.pl\/wp-content\/uploads\/2023\/11\/L-200-300x300.png 300w, http:\/\/ambermet.pl\/wp-content\/uploads\/2023\/11\/L-200-150x150.png 150w\" sizes=\"auto, (max-width: 600px) 100vw, 600px\" \/>\t\t\t\t\t\t\t\t\t\t\t\t\t\t\t<\/div>\n\t\t\t\t<\/div>\n\t\t\t\t<\/div>\n\t\t<div class=\"elementor-element elementor-element-93cdcda e-con-full e-flex e-con e-child\" data-id=\"93cdcda\" data-element_type=\"container\" data-settings=\"{&quot;content_width&quot;:&quot;full&quot;}\">\n\t\t\t\t<div class=\"elementor-element elementor-element-0cfa7b6 elementor-widget elementor-widget-image\" data-id=\"0cfa7b6\" data-element_type=\"widget\" data-widget_type=\"image.default\">\n\t\t\t\t<div class=\"elementor-widget-container\">\n\t\t\t\t\t\t\t\t\t\t\t\t\t\t\t<img loading=\"lazy\" decoding=\"async\" width=\"848\" height=\"1000\" src=\"http:\/\/ambermet.pl\/wp-content\/uploads\/2023\/11\/PWT-411.jpg\" class=\"attachment-large size-large wp-image-323\" alt=\"\" srcset=\"http:\/\/ambermet.pl\/wp-content\/uploads\/2023\/11\/PWT-411.jpg 848w, http:\/\/ambermet.pl\/wp-content\/uploads\/2023\/11\/PWT-411-254x300.jpg 254w, http:\/\/ambermet.pl\/wp-content\/uploads\/2023\/11\/PWT-411-768x906.jpg 768w\" sizes=\"auto, (max-width: 848px) 100vw, 848px\" \/>\t\t\t\t\t\t\t\t\t\t\t\t\t\t\t<\/div>\n\t\t\t\t<\/div>\n\t\t\t\t<\/div>\n\t\t<div class=\"elementor-element elementor-element-8935ec6 e-con-full e-flex e-con e-child\" data-id=\"8935ec6\" data-element_type=\"container\" data-settings=\"{&quot;content_width&quot;:&quot;full&quot;}\">\n\t\t\t\t<div class=\"elementor-element elementor-element-6204b12 elementor-widget elementor-widget-image\" data-id=\"6204b12\" data-element_type=\"widget\" data-widget_type=\"image.default\">\n\t\t\t\t<div class=\"elementor-widget-container\">\n\t\t\t\t\t\t\t\t\t\t\t\t\t\t\t<img loading=\"lazy\" decoding=\"async\" width=\"500\" height=\"500\" src=\"http:\/\/ambermet.pl\/wp-content\/uploads\/2023\/11\/100-TP.jpg\" class=\"attachment-large size-large wp-image-318\" alt=\"\" srcset=\"http:\/\/ambermet.pl\/wp-content\/uploads\/2023\/11\/100-TP.jpg 500w, http:\/\/ambermet.pl\/wp-content\/uploads\/2023\/11\/100-TP-300x300.jpg 300w, http:\/\/ambermet.pl\/wp-content\/uploads\/2023\/11\/100-TP-150x150.jpg 150w\" sizes=\"auto, (max-width: 500px) 100vw, 500px\" \/>\t\t\t\t\t\t\t\t\t\t\t\t\t\t\t<\/div>\n\t\t\t\t<\/div>\n\t\t\t\t<\/div>\n\t\t<div class=\"elementor-element elementor-element-0a5d262 e-con-full e-flex e-con e-child\" data-id=\"0a5d262\" data-element_type=\"container\" data-settings=\"{&quot;content_width&quot;:&quot;full&quot;}\">\n\t\t\t\t<div class=\"elementor-element elementor-element-eff74cb elementor-invisible elementor-widget elementor-widget-text-editor\" data-id=\"eff74cb\" data-element_type=\"widget\" data-settings=\"{&quot;_animation&quot;:&quot;fadeIn&quot;}\" data-widget_type=\"text-editor.default\">\n\t\t\t\t<div class=\"elementor-widget-container\">\n\t\t\t\t\t\t\t<p><strong>LUKSOMIERZ PRECYZYJNY<\/strong><br \/><strong>L-200 Z PANELEM P-200<\/strong><\/p><p>Luksomierze &#8211; wzorcowane z wykorzystaniem \u0142awy fotometryczneji \u017carowego \u017ar\u00f3d\u0142a \u015bwiat\u0142a bia\u0142ego o temperaturze barwowej 2900 K.<br \/>Pomiar prowadzony wzgl\u0119dem luksomierza precyzyjnego SonopanL-200 (P-200)<\/p>\t\t\t\t\t\t<\/div>\n\t\t\t\t<\/div>\n\t\t\t\t<\/div>\n\t\t<div class=\"elementor-element elementor-element-a69e844 e-con-full e-flex e-con e-child\" data-id=\"a69e844\" data-element_type=\"container\" data-settings=\"{&quot;content_width&quot;:&quot;full&quot;}\">\n\t\t\t\t<div class=\"elementor-element elementor-element-b0cc1a9 elementor-invisible elementor-widget elementor-widget-text-editor\" data-id=\"b0cc1a9\" data-element_type=\"widget\" data-settings=\"{&quot;_animation&quot;:&quot;fadeIn&quot;}\" data-widget_type=\"text-editor.default\">\n\t\t\t\t<div class=\"elementor-widget-container\">\n\t\t\t\t\t\t\t<p><b>WODOSZCZELNY TERMOHIGROMETR\u00a0<br \/><\/b><b style=\"color: var( --e-global-color-1f9b825 ); background-color: var(--wp--preset--color--base); font-size: var(--wp--preset--font-size--medium);\">PWT-411<\/b><\/p><p>Termohirometry &#8211; wzorcowane z wykorzystaniem wzorcowych roztwor\u00f3w soli i termohigrometru referencyjnego PWT-411<\/p>\t\t\t\t\t\t<\/div>\n\t\t\t\t<\/div>\n\t\t\t\t<\/div>\n\t\t<div class=\"elementor-element elementor-element-2469a91 e-con-full e-flex e-con e-child\" data-id=\"2469a91\" data-element_type=\"container\" data-settings=\"{&quot;content_width&quot;:&quot;full&quot;}\">\n\t\t\t\t<div class=\"elementor-element elementor-element-2596bbb elementor-invisible elementor-widget elementor-widget-text-editor\" data-id=\"2596bbb\" data-element_type=\"widget\" data-settings=\"{&quot;_animation&quot;:&quot;fadeIn&quot;}\" data-widget_type=\"text-editor.default\">\n\t\t\t\t<div class=\"elementor-widget-container\">\n\t\t\t\t\t\t\t<p><strong>PRECYZYJNY TERMOMETR<\/strong><br \/><strong>100-TP DO 500\u00b0C<\/strong><\/p><p>Piecyki kalibracyjne\/\u0142a\u017anie wzorcowane z wykorzystaniem termometru precyzyjnego Termoprodukt 100-TP<\/p>\t\t\t\t\t\t<\/div>\n\t\t\t\t<\/div>\n\t\t\t\t<\/div>\n\t\t\t\t\t<\/div>\n\t\t\t\t<\/div>\n\t\t<div class=\"elementor-element elementor-element-9f270b3 e-flex e-con-boxed e-con e-parent\" data-id=\"9f270b3\" data-element_type=\"container\" data-settings=\"{&quot;content_width&quot;:&quot;boxed&quot;}\" data-core-v316-plus=\"true\">\n\t\t\t\t\t<div class=\"e-con-inner\">\n\t\t<div class=\"elementor-element elementor-element-f5dd890 e-con-full e-flex e-con e-child\" data-id=\"f5dd890\" data-element_type=\"container\" data-settings=\"{&quot;content_width&quot;:&quot;full&quot;}\">\n\t\t\t\t<div class=\"elementor-element elementor-element-609b26a elementor-widget elementor-widget-image\" data-id=\"609b26a\" data-element_type=\"widget\" data-widget_type=\"image.default\">\n\t\t\t\t<div class=\"elementor-widget-container\">\n\t\t\t\t\t\t\t\t\t\t\t\t\t\t\t<img loading=\"lazy\" decoding=\"async\" width=\"781\" height=\"500\" src=\"http:\/\/ambermet.pl\/wp-content\/uploads\/2023\/11\/TUNEL_AREO.jpg\" class=\"attachment-large size-large wp-image-356\" alt=\"\" srcset=\"http:\/\/ambermet.pl\/wp-content\/uploads\/2023\/11\/TUNEL_AREO.jpg 781w, http:\/\/ambermet.pl\/wp-content\/uploads\/2023\/11\/TUNEL_AREO-300x192.jpg 300w, http:\/\/ambermet.pl\/wp-content\/uploads\/2023\/11\/TUNEL_AREO-768x492.jpg 768w\" sizes=\"auto, (max-width: 781px) 100vw, 781px\" \/>\t\t\t\t\t\t\t\t\t\t\t\t\t\t\t<\/div>\n\t\t\t\t<\/div>\n\t\t\t\t<\/div>\n\t\t<div class=\"elementor-element elementor-element-8fb1afc e-con-full e-flex e-con e-child\" data-id=\"8fb1afc\" data-element_type=\"container\" data-settings=\"{&quot;content_width&quot;:&quot;full&quot;}\">\n\t\t\t\t<div class=\"elementor-element elementor-element-810187c elementor-widget elementor-widget-image\" data-id=\"810187c\" data-element_type=\"widget\" data-widget_type=\"image.default\">\n\t\t\t\t<div class=\"elementor-widget-container\">\n\t\t\t\t\t\t\t\t\t\t\t\t\t\t\t<img loading=\"lazy\" decoding=\"async\" width=\"168\" height=\"400\" src=\"http:\/\/ambermet.pl\/wp-content\/uploads\/2023\/11\/SLC-100.jpg\" class=\"attachment-large size-large wp-image-324\" alt=\"\" srcset=\"http:\/\/ambermet.pl\/wp-content\/uploads\/2023\/11\/SLC-100.jpg 168w, http:\/\/ambermet.pl\/wp-content\/uploads\/2023\/11\/SLC-100-126x300.jpg 126w\" sizes=\"auto, (max-width: 168px) 100vw, 168px\" \/>\t\t\t\t\t\t\t\t\t\t\t\t\t\t\t<\/div>\n\t\t\t\t<\/div>\n\t\t\t\t<\/div>\n\t\t<div class=\"elementor-element elementor-element-2f37d0a e-con-full e-flex e-con e-child\" data-id=\"2f37d0a\" data-element_type=\"container\" data-settings=\"{&quot;content_width&quot;:&quot;full&quot;}\">\n\t\t\t\t<div class=\"elementor-element elementor-element-06c91ed elementor-invisible elementor-widget elementor-widget-text-editor\" data-id=\"06c91ed\" data-element_type=\"widget\" data-settings=\"{&quot;_animation&quot;:&quot;fadeIn&quot;}\" data-widget_type=\"text-editor.default\">\n\t\t\t\t<div class=\"elementor-widget-container\">\n\t\t\t\t\t\t\t<p><strong>MINI TUNEL AERODYNAMICZNY<\/strong><\/p><p>Anemometry &#8211; wzorcowane z wykorzystaniem tunelu aerodynamicznego i mikromanometru z rurk\u0105 Pitota.<br \/>P\u0142ynna regulacja pr\u0119dko\u015bci przep\u0142ywu od 2 m\/s do 13,5 m\/s<\/p>\t\t\t\t\t\t<\/div>\n\t\t\t\t<\/div>\n\t\t\t\t<\/div>\n\t\t<div class=\"elementor-element elementor-element-c603ccc e-con-full e-flex e-con e-child\" data-id=\"c603ccc\" data-element_type=\"container\" data-settings=\"{&quot;content_width&quot;:&quot;full&quot;}\">\n\t\t\t\t<div class=\"elementor-element elementor-element-e1f39e5 elementor-invisible elementor-widget elementor-widget-text-editor\" data-id=\"e1f39e5\" data-element_type=\"widget\" data-settings=\"{&quot;_animation&quot;:&quot;fadeIn&quot;}\" data-widget_type=\"text-editor.default\">\n\t\t\t\t<div class=\"elementor-widget-container\">\n\t\t\t\t\t\t\t<p><strong>KALIBRATOR POZIOMU D\u0179WI\u0118KU VOLTCRAFT SLC100<\/strong><\/p><p>Sonometry &#8211; wzorcowane z wykorzystaniem kalibratora Voltcraft<br \/>SLC-100<\/p>\t\t\t\t\t\t<\/div>\n\t\t\t\t<\/div>\n\t\t\t\t<\/div>\n\t\t\t\t\t<\/div>\n\t\t\t\t<\/div>\n\t\t<div class=\"elementor-element elementor-element-2dc7361 e-flex e-con-boxed e-con e-parent\" data-id=\"2dc7361\" data-element_type=\"container\" data-settings=\"{&quot;content_width&quot;:&quot;boxed&quot;}\" data-core-v316-plus=\"true\">\n\t\t\t\t\t<div class=\"e-con-inner\">\n\t\t<div class=\"elementor-element elementor-element-b0e9685 e-con-full e-flex e-con e-child\" data-id=\"b0e9685\" data-element_type=\"container\" data-settings=\"{&quot;content_width&quot;:&quot;full&quot;}\">\n\t\t\t\t<div class=\"elementor-element elementor-element-7de6d3f elementor-widget elementor-widget-image\" data-id=\"7de6d3f\" data-element_type=\"widget\" data-widget_type=\"image.default\">\n\t\t\t\t<div class=\"elementor-widget-container\">\n\t\t\t\t\t\t\t\t\t\t\t\t\t\t\t<img loading=\"lazy\" decoding=\"async\" width=\"1000\" height=\"520\" src=\"http:\/\/ambermet.pl\/wp-content\/uploads\/2023\/11\/M-143.jpg\" class=\"attachment-large size-large wp-image-321\" alt=\"\" srcset=\"http:\/\/ambermet.pl\/wp-content\/uploads\/2023\/11\/M-143.jpg 1000w, http:\/\/ambermet.pl\/wp-content\/uploads\/2023\/11\/M-143-300x156.jpg 300w, http:\/\/ambermet.pl\/wp-content\/uploads\/2023\/11\/M-143-768x399.jpg 768w\" sizes=\"auto, (max-width: 1000px) 100vw, 1000px\" \/>\t\t\t\t\t\t\t\t\t\t\t\t\t\t\t<\/div>\n\t\t\t\t<\/div>\n\t\t\t\t<\/div>\n\t\t<div class=\"elementor-element elementor-element-f560479 e-con-full e-flex e-con e-child\" data-id=\"f560479\" data-element_type=\"container\" data-settings=\"{&quot;content_width&quot;:&quot;full&quot;}\">\n\t\t\t\t<div class=\"elementor-element elementor-element-8826020 elementor-invisible elementor-widget elementor-widget-text-editor\" data-id=\"8826020\" data-element_type=\"widget\" data-settings=\"{&quot;_animation&quot;:&quot;fadeIn&quot;}\" data-widget_type=\"text-editor.default\">\n\t\t\t\t<div class=\"elementor-widget-container\">\n\t\t\t\t\t\t\t<p><strong>KALIBRATOR MULTIMETR\u00d3W<\/strong><\/p><p>Meatest M-143 to uniwersalny kalibrator wielko\u015bci elektrycznych (napi\u0119cie, nat\u0119\u017cenie, rezystancja, cz\u0119stotliwo\u015b\u0107) umo\u017cliwiaj\u0105cy \u0142atwe\u2002i szybkie wzorcowanie multimetr\u00f3w, miernik\u00f3w c\u0119gowych, termometr\u00f3w elektronicznych\u00a0i tachometr\u00f3w.<br \/>Dzia\u0142a w zakresie do 1000V i 20A, mo\u017cliwia symulacj\u0119 termopar K,\u00a0J,\u00a0T, R, S, M,\u00a0N.<br \/>Wzorcowanie jest wykonywane za pomoc\u0105 dedykowanego oprogramowania umo\u017cliwiaj\u0105cego wyznaczanie niepewno\u015bci pomiaru\u00a0i zgodno\u015bci ze specyfikacj\u0105.<\/p>\t\t\t\t\t\t<\/div>\n\t\t\t\t<\/div>\n\t\t\t\t<\/div>\n\t\t\t\t\t<\/div>\n\t\t\t\t<\/div>\n\t\t<div class=\"elementor-element elementor-element-519111a e-flex e-con-boxed e-con e-parent\" data-id=\"519111a\" data-element_type=\"container\" data-settings=\"{&quot;content_width&quot;:&quot;boxed&quot;}\" data-core-v316-plus=\"true\">\n\t\t\t\t\t<div class=\"e-con-inner\">\n\t\t<div class=\"elementor-element elementor-element-fb86e64 e-con-full e-flex e-con e-child\" data-id=\"fb86e64\" data-element_type=\"container\" data-settings=\"{&quot;content_width&quot;:&quot;full&quot;}\">\n\t\t\t\t<div class=\"elementor-element elementor-element-4cb418c elementor-invisible elementor-widget elementor-widget-text-editor\" data-id=\"4cb418c\" data-element_type=\"widget\" data-settings=\"{&quot;_animation&quot;:&quot;fadeIn&quot;}\" data-widget_type=\"text-editor.default\">\n\t\t\t\t<div class=\"elementor-widget-container\">\n\t\t\t\t\t\t\t<p><strong>KALIBRATOR TERMOMETR\u00d3W Dry Block W150.<\/strong><\/p><p>Umo\u017cliwia wzorcowanie termometr\u00f3w, termopar, sond pomiarowych w zakresie od -20 do + 150 stopni Celsjusza.<\/p>\t\t\t\t\t\t<\/div>\n\t\t\t\t<\/div>\n\t\t\t\t<\/div>\n\t\t<div class=\"elementor-element elementor-element-52a6c7f e-con-full e-flex e-con e-child\" data-id=\"52a6c7f\" data-element_type=\"container\" data-settings=\"{&quot;content_width&quot;:&quot;full&quot;}\">\n\t\t\t\t<div class=\"elementor-element elementor-element-962c0f2 elementor-widget elementor-widget-image\" data-id=\"962c0f2\" data-element_type=\"widget\" data-widget_type=\"image.default\">\n\t\t\t\t<div class=\"elementor-widget-container\">\n\t\t\t\t\t\t\t\t\t\t\t\t\t\t\t<img loading=\"lazy\" decoding=\"async\" width=\"587\" height=\"800\" src=\"http:\/\/ambermet.pl\/wp-content\/uploads\/2023\/11\/W-150-2.jpg\" class=\"attachment-large size-large wp-image-357\" alt=\"\" srcset=\"http:\/\/ambermet.pl\/wp-content\/uploads\/2023\/11\/W-150-2.jpg 587w, http:\/\/ambermet.pl\/wp-content\/uploads\/2023\/11\/W-150-2-220x300.jpg 220w\" sizes=\"auto, (max-width: 587px) 100vw, 587px\" \/>\t\t\t\t\t\t\t\t\t\t\t\t\t\t\t<\/div>\n\t\t\t\t<\/div>\n\t\t\t\t<\/div>\n\t\t\t\t\t<\/div>\n\t\t\t\t<\/div>\n\t\t\t\t\t\t\t<\/div>\n\t\t","protected":false},"excerpt":{"rendered":"<p>O FIRMIE AMBER METROLOGIA Sp. z o.o. to laboratorium metrologiczne wzorcuj\u0105ce aparatur\u0119 pomiarow\u0105 a tak\u017ce wykonuj\u0105ce pomiary nat\u0119\u017cenia o\u015bwietlenia pomieszcze\u0144. Laboratorium spe\u0142nia wymagania Normy ISO 17025-2017 wzgl\u0119dem wzorcowania aparatury pomiarowej. Ponadto Laboratorium posiada wdro\u017cony System Zarz\u0105dzania zgodny z ISO 9001:2015 potwierdzony certyfikatem nr 4800397 wydanym przez akredytowany Instytut Certyfikacyjny LL-C (Certification) Polska.\u00a0 Pomiary nat\u0119\u017cenia o\u015bwietlenia [&hellip;]<\/p>\n","protected":false},"author":1,"featured_media":0,"parent":0,"menu_order":2,"comment_status":"closed","ping_status":"closed","template":"","meta":{"footnotes":""},"class_list":["post-26","page","type-page","status-publish","hentry"],"_links":{"self":[{"href":"http:\/\/ambermet.pl\/index.php?rest_route=\/wp\/v2\/pages\/26","targetHints":{"allow":["GET"]}}],"collection":[{"href":"http:\/\/ambermet.pl\/index.php?rest_route=\/wp\/v2\/pages"}],"about":[{"href":"http:\/\/ambermet.pl\/index.php?rest_route=\/wp\/v2\/types\/page"}],"author":[{"embeddable":true,"href":"http:\/\/ambermet.pl\/index.php?rest_route=\/wp\/v2\/users\/1"}],"replies":[{"embeddable":true,"href":"http:\/\/ambermet.pl\/index.php?rest_route=%2Fwp%2Fv2%2Fcomments&post=26"}],"version-history":[{"count":47,"href":"http:\/\/ambermet.pl\/index.php?rest_route=\/wp\/v2\/pages\/26\/revisions"}],"predecessor-version":[{"id":360,"href":"http:\/\/ambermet.pl\/index.php?rest_route=\/wp\/v2\/pages\/26\/revisions\/360"}],"wp:attachment":[{"href":"http:\/\/ambermet.pl\/index.php?rest_route=%2Fwp%2Fv2%2Fmedia&parent=26"}],"curies":[{"name":"wp","href":"https:\/\/api.w.org\/{rel}","templated":true}]}}