{"id":10,"date":"2023-10-02T20:57:14","date_gmt":"2023-10-02T18:57:14","guid":{"rendered":"http:\/\/ambermet.pl\/?page_id=10"},"modified":"2023-11-06T21:43:07","modified_gmt":"2023-11-06T20:43:07","slug":"strona-glowna","status":"publish","type":"page","link":"http:\/\/ambermet.pl\/","title":{"rendered":"Strona g\u0142\u00f3wna"},"content":{"rendered":"\t\t<div data-elementor-type=\"wp-page\" data-elementor-id=\"10\" class=\"elementor elementor-10\">\n\t\t\t\t\t\t\t<div class=\"elementor-element elementor-element-21785f8 e-con-full e-flex e-con e-parent\" data-id=\"21785f8\" data-element_type=\"container\" data-settings=\"{&quot;content_width&quot;:&quot;full&quot;,&quot;background_background&quot;:&quot;classic&quot;}\" data-core-v316-plus=\"true\">\n\t\t\t\t<div class=\"elementor-element elementor-element-96188bd elementor-widget elementor-widget-heading\" data-id=\"96188bd\" data-element_type=\"widget\" data-widget_type=\"heading.default\">\n\t\t\t\t<div class=\"elementor-widget-container\">\n\t\t\t<style>\/*! elementor - v3.17.0 - 01-11-2023 *\/\n.elementor-heading-title{padding:0;margin:0;line-height:1}.elementor-widget-heading .elementor-heading-title[class*=elementor-size-]>a{color:inherit;font-size:inherit;line-height:inherit}.elementor-widget-heading .elementor-heading-title.elementor-size-small{font-size:15px}.elementor-widget-heading .elementor-heading-title.elementor-size-medium{font-size:19px}.elementor-widget-heading .elementor-heading-title.elementor-size-large{font-size:29px}.elementor-widget-heading .elementor-heading-title.elementor-size-xl{font-size:39px}.elementor-widget-heading .elementor-heading-title.elementor-size-xxl{font-size:59px}<\/style><h2 class=\"elementor-heading-title elementor-size-default\">AMBERMET<\/h2>\t\t<\/div>\n\t\t\t\t<\/div>\n\t\t\t\t<div class=\"elementor-element elementor-element-c4cac85 elementor-widget__width-initial elementor-invisible elementor-widget elementor-widget-text-editor\" data-id=\"c4cac85\" data-element_type=\"widget\" data-settings=\"{&quot;_animation&quot;:&quot;fadeIn&quot;}\" data-widget_type=\"text-editor.default\">\n\t\t\t\t<div class=\"elementor-widget-container\">\n\t\t\t<style>\/*! elementor - v3.17.0 - 01-11-2023 *\/\n.elementor-widget-text-editor.elementor-drop-cap-view-stacked .elementor-drop-cap{background-color:#69727d;color:#fff}.elementor-widget-text-editor.elementor-drop-cap-view-framed .elementor-drop-cap{color:#69727d;border:3px solid;background-color:transparent}.elementor-widget-text-editor:not(.elementor-drop-cap-view-default) .elementor-drop-cap{margin-top:8px}.elementor-widget-text-editor:not(.elementor-drop-cap-view-default) .elementor-drop-cap-letter{width:1em;height:1em}.elementor-widget-text-editor .elementor-drop-cap{float:left;text-align:center;line-height:1;font-size:50px}.elementor-widget-text-editor .elementor-drop-cap-letter{display:inline-block}<\/style>\t\t\t\t<p><span style=\"color: #ffffff;\">Zajmujemy si\u0119 wzorcowaniem aparatury pomiarowej oraz pomiarami o\u015bwietlenia w pomieszczeniach fabrycznych, szkolnych oraz pracowniczych.<\/span><br \/><span style=\"color: #ffffff;\">W zakresie wzorcowania aparatury pomiarowej laboratorium AMBER posiada wdro\u017cony system zarz\u0105dzania zgodny z norm\u0105 ISO 9001:2015, numer certyfikatu 487228, wydany i zatwierdzony przez akredytowany Instytut Certyfikacyjny LL-C (Certification) Polska.<\/span><\/p><p><span style=\"color: #ffffff;\">Oferta AMBER obejmuje tak\u017ce us\u0142ugi wdro\u017ceniowe norm ISO, szkoleniowe i audytorskie prowadzone we wsp\u00f3\u0142pracy z Instytutem Kszta\u0142cenia Menad\u017cer\u00f3w Jako\u015bci z Krakowa.<\/span><\/p><p><span style=\"color: #ffffff;\">Instytut Kszta\u0142cenia Menad\u017cer\u00f3w Jako\u015bci jest jednostk\u0105 doradczo \u2013 szkoleniow\u0105 z mi\u0119dzynarodowym do\u015bwiadczeniem, \u015bwiadcz\u0105c\u0105 us\u0142ugi w zakresie system\u00f3w zarz\u0105dzania opartych o <a style=\"color: #ffffff;\" href=\"https:\/\/ikmj.com\/certyfikacja\/\" target=\"_blank\" rel=\"noopener\">normy ISO<\/a> oraz nadawania <a style=\"color: #ffffff;\" href=\"https:\/\/ikmj.com\/certyfikat-ce\/\" target=\"_blank\" rel=\"noopener\">oznaczenia CE<\/a>.<\/span><\/p><p><span style=\"color: #ffffff;\">Us\u0142ugi wdro\u017ceniowe obejmuj\u0105 mi\u0119dzy innymi systemy:<\/span><\/p><ul><li><span style=\"color: #ffffff;\">zarz\u0105dzania jako\u015bci\u0105 wg <a style=\"color: #ffffff;\" href=\"https:\/\/ikmj.com\/certyfikat-iso-9001\/\" target=\"_blank\" rel=\"noopener\">ISO 9001<\/a>,<\/span><\/li><li><span style=\"color: #ffffff;\">\u015brodowiskowego wg <a style=\"color: #ffffff;\" href=\"https:\/\/ikmj.com\/certyfikat-iso-14001\/\" target=\"_blank\" rel=\"noopener\">ISO 14001<\/a>,<\/span><\/li><li><span style=\"color: #ffffff;\">zarz\u0105dzania BHP wg <a style=\"color: #ffffff;\" href=\"https:\/\/ikmj.com\/certyfikat-iso-45001\/\" target=\"_blank\" rel=\"noopener\">ISO 45001<\/a>,<\/span><\/li><li><span style=\"color: #ffffff;\">bezpiecze\u0144stwem informacji wg <a style=\"color: #ffffff;\" href=\"https:\/\/ikmj.com\/certyfikat-iso-iec-27001\/\" target=\"_blank\" rel=\"noopener\">ISO 27001<\/a>,<\/span><br \/><span style=\"color: #ffffff;\">zarz\u0105dzania jako\u015bci\u0105 w laboratorium wg <a style=\"color: #ffffff;\" href=\"https:\/\/akredytacja.ikmj.com\/\" target=\"_blank\" rel=\"noopener\">ISO 17025<\/a>,<\/span><\/li><li><span style=\"color: #ffffff;\">zarz\u0105dzania jako\u015bci\u0105 dla producent\u00f3w wyrob\u00f3w medycznych <a style=\"color: #ffffff;\" href=\"https:\/\/ikmj.com\/certyfikat-iso-13485\/\" target=\"_blank\" rel=\"noopener\">ISO 13485<\/a>,<\/span><\/li><li><span style=\"color: #ffffff;\">zak\u0142adow\u0105 kontrol\u0119 produkcji <a style=\"color: #ffffff;\" href=\"https:\/\/ikmj.com\/zkp-zakladowa-kontrola-produkcji\/\" target=\"_blank\" rel=\"noopener\">ZKP<\/a> (FPC)<\/span><\/li><\/ul><p><span style=\"color: #ffffff;\">Instytut prowadzi, tak\u017ce <a style=\"color: #ffffff;\" href=\"https:\/\/ikmj.edu.pl\/\" target=\"_blank\" rel=\"noopener\">szkolenia <\/a>otwarte dla klient\u00f3w indywidualnych oraz dedykowanych dla klient\u00f3w instytucjonalnych, a oferta szkoleniowa jest stale wzbogacana o nowe szkolenia.<\/span><\/p>\t\t\t\t\t\t<\/div>\n\t\t\t\t<\/div>\n\t\t\t\t<\/div>\n\t\t<div class=\"elementor-element elementor-element-5bcfcde e-flex e-con-boxed e-con e-parent\" data-id=\"5bcfcde\" data-element_type=\"container\" data-settings=\"{&quot;content_width&quot;:&quot;boxed&quot;}\" data-core-v316-plus=\"true\">\n\t\t\t\t\t<div class=\"e-con-inner\">\n\t\t\t\t<div class=\"elementor-element elementor-element-2d53686 elementor-widget elementor-widget-heading\" data-id=\"2d53686\" data-element_type=\"widget\" data-widget_type=\"heading.default\">\n\t\t\t\t<div class=\"elementor-widget-container\">\n\t\t\t<h2 class=\"elementor-heading-title elementor-size-default\">CERTYFIKAT ISO 9001:2015 PL\/EN<\/h2>\t\t<\/div>\n\t\t\t\t<\/div>\n\t\t\t\t<div class=\"elementor-element elementor-element-7606dc4 elementor-align-center elementor-widget elementor-widget-button\" data-id=\"7606dc4\" data-element_type=\"widget\" data-widget_type=\"button.default\">\n\t\t\t\t<div class=\"elementor-widget-container\">\n\t\t\t\t\t<div class=\"elementor-button-wrapper\">\n\t\t\t<a class=\"elementor-button elementor-button-link elementor-size-xl\" href=\"http:\/\/ambermet.pl\/wp-content\/uploads\/2023\/11\/AMBER-METROLOGIA-sp.-z-o.o.-Certificate-nr-4800397-pl.pdf\" target=\"_blank\">\n\t\t\t\t\t\t<span class=\"elementor-button-content-wrapper\">\n\t\t\t\t\t\t<span class=\"elementor-button-icon elementor-align-icon-left\">\n\t\t\t\t<i aria-hidden=\"true\" class=\"fas fa-file-download\"><\/i>\t\t\t<\/span>\n\t\t\t\t\t\t<span class=\"elementor-button-text\">CERTYFIKAT<\/span>\n\t\t<\/span>\n\t\t\t\t\t<\/a>\n\t\t<\/div>\n\t\t\t\t<\/div>\n\t\t\t\t<\/div>\n\t\t\t\t<div class=\"elementor-element elementor-element-a64b4e1 elementor-widget elementor-widget-image\" data-id=\"a64b4e1\" data-element_type=\"widget\" data-widget_type=\"image.default\">\n\t\t\t\t<div class=\"elementor-widget-container\">\n\t\t\t<style>\/*! elementor - v3.17.0 - 01-11-2023 *\/\n.elementor-widget-image{text-align:center}.elementor-widget-image a{display:inline-block}.elementor-widget-image a img[src$=\".svg\"]{width:48px}.elementor-widget-image img{vertical-align:middle;display:inline-block}<\/style>\t\t\t\t\t\t\t\t\t\t\t\t<img decoding=\"async\" src=\"http:\/\/ambermet.pl\/wp-content\/uploads\/elementor\/thumbs\/35a05b28-4f69-4795-932a-54dd2c6439ea-qdajnpkazzzi3q5fx3zl6556acrpcrp4fui0bnesdo.jpg\" title=\"35a05b28-4f69-4795-932a-54dd2c6439ea\" alt=\"35a05b28-4f69-4795-932a-54dd2c6439ea\" loading=\"lazy\" \/>\t\t\t\t\t\t\t\t\t\t\t\t\t\t\t<\/div>\n\t\t\t\t<\/div>\n\t\t\t\t<div class=\"elementor-element elementor-element-3e1c798 elementor-align-center elementor-widget elementor-widget-button\" data-id=\"3e1c798\" data-element_type=\"widget\" data-widget_type=\"button.default\">\n\t\t\t\t<div class=\"elementor-widget-container\">\n\t\t\t\t\t<div class=\"elementor-button-wrapper\">\n\t\t\t<a class=\"elementor-button elementor-button-link elementor-size-xl\" href=\"http:\/\/ambermet.pl\/wp-content\/uploads\/2023\/11\/AMBER-METROLOGIA-sp.-z-o.o.-Certificate-no-4800397-en.pdf\" target=\"_blank\">\n\t\t\t\t\t\t<span class=\"elementor-button-content-wrapper\">\n\t\t\t\t\t\t<span class=\"elementor-button-icon elementor-align-icon-left\">\n\t\t\t\t<i aria-hidden=\"true\" class=\"fas fa-file-download\"><\/i>\t\t\t<\/span>\n\t\t\t\t\t\t<span class=\"elementor-button-text\">CERTIFICATE EN<\/span>\n\t\t<\/span>\n\t\t\t\t\t<\/a>\n\t\t<\/div>\n\t\t\t\t<\/div>\n\t\t\t\t<\/div>\n\t\t\t\t\t<\/div>\n\t\t\t\t<\/div>\n\t\t<div class=\"elementor-element elementor-element-7c9b978 e-flex e-con-boxed e-con e-parent\" data-id=\"7c9b978\" data-element_type=\"container\" data-settings=\"{&quot;background_background&quot;:&quot;classic&quot;,&quot;content_width&quot;:&quot;boxed&quot;}\" data-core-v316-plus=\"true\">\n\t\t\t\t\t<div class=\"e-con-inner\">\n\t\t\t\t<div class=\"elementor-element elementor-element-489face elementor-widget elementor-widget-heading\" data-id=\"489face\" data-element_type=\"widget\" data-widget_type=\"heading.default\">\n\t\t\t\t<div class=\"elementor-widget-container\">\n\t\t\t<h2 class=\"elementor-heading-title elementor-size-default\">Pomiar o\u015bwietlenia wn\u0119trz<\/h2>\t\t<\/div>\n\t\t\t\t<\/div>\n\t\t\t\t<div class=\"elementor-element elementor-element-b4eb4de elementor-widget__width-inherit elementor-widget elementor-widget-text-editor\" data-id=\"b4eb4de\" data-element_type=\"widget\" data-widget_type=\"text-editor.default\">\n\t\t\t\t<div class=\"elementor-widget-container\">\n\t\t\t\t\t\t\t<p style=\"text-align: center;\">Zasady o\u015bwietlania wn\u0119trz reguluj\u0105 Polskie Normy PN-EN 12464-1 \u015awiat\u0142o i o\u015bwietlenie. O\u015bwietlenie miejsc pracy i PN-EN 1838 Zastosowanie o\u015bwietlenia. O\u015bwietlenie awaryjne.<br \/>Wed\u0142ug aktualnego prawa stosowanie Polskich Norm jest dobrowolne jednak w przypadku przywo\u0142ania ich w przepisach prawa polskiego ich stosowanie staje si\u0119 obligatoryjne.<br \/>Zatem zgodnie z Rozporz\u0105dzeniem Ministra Pracy i Polityki Socjalnej z 26.09.1997 w sprawie og\u00f3lnych przepis\u00f3w bezpiecze\u0144stwa i higieny pracy, pracodawca niezale\u017cnie od o\u015bwietlenia dziennego powinien zapewni\u0107 o\u015bwietlenie elektryczne o parametrach zgodnych z Polskimi Normami.<br \/>Oznacza to konieczno\u015b\u0107 stosowania si\u0119 do Nomy PN-EN 1246-1.<br \/><br \/><br \/>Pomiary o\u015bwietlania wn\u0119trz wykonywane b\u0119d\u0105 luksomierzem precyzyjnym Sonopan L-200 i udokumentowane b\u0119d\u0105 protoko\u0142em wraz z odniesieniem do wymaganych Nom\u0105 PN-EN 1246-1 warto\u015bci nat\u0119\u017cenia o\u015bwietlenia.<\/p>\t\t\t\t\t\t<\/div>\n\t\t\t\t<\/div>\n\t\t\t\t\t<\/div>\n\t\t\t\t<\/div>\n\t\t<div class=\"elementor-element elementor-element-daa0b66 e-flex e-con-boxed e-con e-parent\" data-id=\"daa0b66\" data-element_type=\"container\" data-settings=\"{&quot;background_background&quot;:&quot;classic&quot;,&quot;content_width&quot;:&quot;boxed&quot;}\" data-core-v316-plus=\"true\">\n\t\t\t\t\t<div class=\"e-con-inner\">\n\t\t\t\t<div class=\"elementor-element elementor-element-e626832 elementor-widget elementor-widget-heading\" data-id=\"e626832\" data-element_type=\"widget\" data-widget_type=\"heading.default\">\n\t\t\t\t<div class=\"elementor-widget-container\">\n\t\t\t<h2 class=\"elementor-heading-title elementor-size-default\">WZORCOWANIE<\/h2>\t\t<\/div>\n\t\t\t\t<\/div>\n\t\t\t\t<div class=\"elementor-element elementor-element-c04b69f elementor-widget__width-inherit elementor-widget elementor-widget-text-editor\" data-id=\"c04b69f\" data-element_type=\"widget\" data-widget_type=\"text-editor.default\">\n\t\t\t\t<div class=\"elementor-widget-container\">\n\t\t\t\t\t\t\t<p style=\"text-align: center;\">to og\u00f3\u0142 czynno\u015bci wskazuj\u0105cych stosunek mi\u0119dzy warto\u015bciami wielko\u015bci mierzonej\u00a0wskazanymi przez przyrz\u0105d pomiarowy\u00a0a odpowiednimi warto\u015bciami wielko\u015bci fizycznych, realizowanymi przez wzorzec jednostki miary.<\/p><p>Innymi s\u0142owy wzorcowanie polega to na okre\u015bleniu r\u00f3\u017cnicy pomi\u0119dzy wskazaniami przyrz\u0105du wzorcowego (kalibratora) a wskazaniem przyrz\u0105du wzorcowanego, z uwzgl\u0119dnieniem niepewno\u015bci lub tolerancji pomiaru dokonanego przy pomocy przyrz\u0105du wzorcowego. Og\u00f3lnie przyjmuje si\u0119, \u017ce przyrz\u0105d wzorcowy powinien by\u0107 dok\u0142adniejszy od przyrz\u0105du wzorcowanego o, co najmniej trzy rz\u0119dy wielko\u015bci.<\/p><p style=\"text-align: center;\">Celem wzorcowania jest okre\u015blenie poprawno\u015bci wskaza\u0144 wzorcowanego przyrz\u0105du, okre\u015blaj\u0105cych jego przydatno\u015b\u0107 do wykonywania \u00a0pomiar\u00f3w\u00a0, w tym r\u00f3wnie\u017c przekazywania \u00a0jednostki miary, lub po\u015bwiadczenie, \u017ce wzorcowany przyrz\u0105d spe\u0142nia okre\u015blone \u00a0wymagania metrologiczne\u00a0 przy czym wynik wzorcowania po\u015bwiadczany jest w \u00a0\u015bwiadectwie wzorcowania. Podczas wzorcowania musi by\u0107 zachowana \u00a0sp\u00f3jno\u015b\u0107 pomiarowa, czyli nieprzerwany ci\u0105g odniesie\u0144 do wzorca krajowego lub mi\u0119dzynarodowego.\u00a0<\/p><p>Okresowe wzorcowanie aparatury pomiarowej nale\u017cy powtarza\u0107 tak d\u0142ugo, jak d\u0142ugo przyrz\u0105d znajduje si\u0119 w u\u017cytkowaniu i s\u0142u\u017cy do cel\u00f3w, dla kt\u00f3rych zosta\u0142 wyprodukowany.\u00a0\u00a0W chwili obecnej brak jest przepis\u00f3w prawnych okre\u015blaj\u0105cych termin wzorcowa\u0144 i okres wa\u017cno\u015bci \u015bwiadectw wzorcowania.<\/p><p>\u00a0Cz\u0119stotliwo\u015b\u0107 wzorcowania przyrz\u0105d\u00f3w pomiarowych mo\u017ce by\u0107 okre\u015blana przez u\u017cytkownika i zapisana w ksi\u0119dze jako\u015bci\u00a0lub w dokumentach z ni\u0105 zwi\u0105zanych, np. instrukcjach obs\u0142ugi wyposa\u017cenia lub na podstawie do\u015bwiadczenia tj. z wykorzystaniem procesu statystycznego.<\/p><p style=\"text-align: center;\">Zazwyczaj przyjmuje si\u0119, \u017ce przyrz\u0105d powinien by\u0107 ponownie wzorcowany nie rzadziej ni\u017c raz do roku. Przyrz\u0105dy nara\u017cone na ci\u0119\u017ck\u0105 eksploatacj\u0119 mog\u0105 by\u0107 wzorcowane cz\u0119\u015bciej, natomiast urz\u0105dzenia nie posiadaj\u0105ce regulacji (np. bloczki pomiarowe) i przechowywane w warunkach laboratoryjnych mo\u017cna wzorcowa\u0107 rzadziej.<\/p>\t\t\t\t\t\t<\/div>\n\t\t\t\t<\/div>\n\t\t\t\t\t<\/div>\n\t\t\t\t<\/div>\n\t\t<div class=\"elementor-element elementor-element-1457ef5 e-flex e-con-boxed e-con e-parent\" data-id=\"1457ef5\" data-element_type=\"container\" data-settings=\"{&quot;content_width&quot;:&quot;boxed&quot;}\" data-core-v316-plus=\"true\">\n\t\t\t\t\t<div class=\"e-con-inner\">\n\t\t\t\t<div class=\"elementor-element elementor-element-8b32f7e elementor-widget elementor-widget-image\" data-id=\"8b32f7e\" data-element_type=\"widget\" data-widget_type=\"image.default\">\n\t\t\t\t<div class=\"elementor-widget-container\">\n\t\t\t\t\t\t\t\t\t\t\t\t\t\t\t<img decoding=\"async\" src=\"http:\/\/ambermet.pl\/wp-content\/uploads\/2023\/10\/AMBER-METROLOGIA-sp.-z-o.o.-Certificate-nr-487228.pdf\" title=\"\" alt=\"\" loading=\"lazy\" \/>\t\t\t\t\t\t\t\t\t\t\t\t\t\t\t<\/div>\n\t\t\t\t<\/div>\n\t\t\t\t\t<\/div>\n\t\t\t\t<\/div>\n\t\t\t\t\t\t\t<\/div>\n\t\t","protected":false},"excerpt":{"rendered":"<p>AMBERMET Zajmujemy si\u0119 wzorcowaniem aparatury pomiarowej oraz pomiarami o\u015bwietlenia w pomieszczeniach fabrycznych, szkolnych oraz pracowniczych.W zakresie wzorcowania aparatury pomiarowej laboratorium AMBER posiada wdro\u017cony system zarz\u0105dzania zgodny z norm\u0105 ISO 9001:2015, numer certyfikatu 487228, wydany i zatwierdzony przez akredytowany Instytut Certyfikacyjny LL-C (Certification) Polska. Oferta AMBER obejmuje tak\u017ce us\u0142ugi wdro\u017ceniowe norm ISO, szkoleniowe i audytorskie prowadzone [&hellip;]<\/p>\n","protected":false},"author":1,"featured_media":0,"parent":0,"menu_order":1,"comment_status":"closed","ping_status":"closed","template":"","meta":{"footnotes":""},"class_list":["post-10","page","type-page","status-publish","hentry"],"_links":{"self":[{"href":"http:\/\/ambermet.pl\/index.php?rest_route=\/wp\/v2\/pages\/10","targetHints":{"allow":["GET"]}}],"collection":[{"href":"http:\/\/ambermet.pl\/index.php?rest_route=\/wp\/v2\/pages"}],"about":[{"href":"http:\/\/ambermet.pl\/index.php?rest_route=\/wp\/v2\/types\/page"}],"author":[{"embeddable":true,"href":"http:\/\/ambermet.pl\/index.php?rest_route=\/wp\/v2\/users\/1"}],"replies":[{"embeddable":true,"href":"http:\/\/ambermet.pl\/index.php?rest_route=%2Fwp%2Fv2%2Fcomments&post=10"}],"version-history":[{"count":119,"href":"http:\/\/ambermet.pl\/index.php?rest_route=\/wp\/v2\/pages\/10\/revisions"}],"predecessor-version":[{"id":278,"href":"http:\/\/ambermet.pl\/index.php?rest_route=\/wp\/v2\/pages\/10\/revisions\/278"}],"wp:attachment":[{"href":"http:\/\/ambermet.pl\/index.php?rest_route=%2Fwp%2Fv2%2Fmedia&parent=10"}],"curies":[{"name":"wp","href":"https:\/\/api.w.org\/{rel}","templated":true}]}}